{"id":81,"date":"2016-03-16T09:19:27","date_gmt":"2016-03-16T08:19:27","guid":{"rendered":"http:\/\/www.aidarc.com\/?page_id=81&#038;lang=en"},"modified":"2016-03-16T11:04:59","modified_gmt":"2016-03-16T10:04:59","slug":"legals-mentions","status":"publish","type":"page","link":"https:\/\/www.aidarc.com\/en\/legals-mentions\/","title":{"rendered":"Legals Mentions"},"content":{"rendered":"<div class=\"wpb-content-wrapper\"><p>[vc_row][vc_column][vc_column_text]<\/p>\n<h3>Owners and Editor<\/h3>\n<p>Aid&#8217;ARC<br \/>\nIsabelle Gaudin<br \/>\n21, rue l&#8217;Esteleta<br \/>\n11570 PALAJA<\/p>\n<h3>Conception\u00a0:<\/h3>\n<p>R\u00e9sonance communication SARL<br \/>\n5 place Davilla 11000 Carcassonne<br \/>\nT\u00e9l. : 04 68 76 00 31<\/p>\n<h3>H\u00e9bergeur :<\/h3>\n<p>OVH SARL<br \/>\n140, quai du Sartel<br \/>\n59100 ROUBAIX<br \/>\nT\u00e9l. : 08 99 70 17 61<br \/>\nFax : 03 20 20 09 58<\/p>\n<h3>Credits<\/h3>\n<p>Photos :\u00a0Aid&#8217;ARC<\/p>\n<h3>Comments , remarks and suggestions<\/h3>\n<p>Aid&#8217;ARC\u00a0ne garantit pas que ce site soit exempt de d\u00e9faut, d\u2019erreur ou d\u2019omission. L\u2019information qui y est contenue est destin\u00e9e \u00e0 vous apporter des indications g\u00e9n\u00e9rales et les mieux actualis\u00e9es possibles sur les sujets trait\u00e9s.<\/p>\n<p>Aid&#8217;ARC ne saurait en aucun cas \u00eatre tenus responsable des \u00e9ventuels d\u00e9fauts, erreurs ou omissions existant dans ce site, ni de l\u2019utilisation et de l\u2019interpr\u00e9tation de l\u2019information qu\u2019il contient.<\/p>\n<p>La pr\u00e9sente clause de r\u00e9serve juridique n\u2019a pas pour objet de limiter la responsabilit\u00e9\u00a0d&#8217;Aid&#8217;ARC de mani\u00e8re contraire \u00e0 la l\u00e9gislation nationale applicable ni de l\u2019exclure dans les cas o\u00f9 elle peut \u00eatre engag\u00e9e en vertu de ladite l\u00e9gislation.<\/p>\n<p>Conform\u00e9ment \u00e0 la loi \u00ab informatique et libert\u00e9s \u00bb du 6 janvier 1978 modifi\u00e9e en 2004, vous b\u00e9n\u00e9ficiez d\u2019un droit d\u2019acc\u00e8s et de rectification aux informations qui vous concernent, que vous pouvez exercer en vous adressant \u00e0\u00a0Aid&#8217;ARC 21, rue l&#8217;Esteleta<br \/>\n11570 PALAJA<\/p>\n<p>Vous pouvez \u00e9galement, pour des motifs l\u00e9gitimes, vous opposer au traitement des donn\u00e9es vous concernant.[\/vc_column_text][\/vc_column][\/vc_row]<\/p>\n<\/div>","protected":false},"excerpt":{"rendered":"<p>[vc_row][vc_column][vc_column_text] Owners and Editor Aid&#8217;ARC Isabelle Gaudin 21, rue l&#8217;Esteleta 11570 PALAJA Conception\u00a0: R\u00e9sonance communication SARL 5 place Davilla 11000 Carcassonne T\u00e9l. : 04 68 76 00 31 H\u00e9bergeur : OVH SARL 140, quai du Sartel 59100 ROUBAIX T\u00e9l. : 08 99 70 17 61 Fax : 03 20 20 09 58 Credits Photos :\u00a0Aid&#8217;ARC&hellip;<\/p>\n","protected":false},"author":1,"featured_media":0,"parent":0,"menu_order":0,"comment_status":"closed","ping_status":"closed","template":"","meta":[],"class_list":["post-81","page","type-page","status-publish","hentry","description-off"],"yoast_head":"<!-- This site is optimized with the Yoast SEO plugin v26.8 - https:\/\/yoast.com\/product\/yoast-seo-wordpress\/ -->\n<title>Legals Mentions - AidArc<\/title>\n<meta name=\"robots\" content=\"index, follow, max-snippet:-1, max-image-preview:large, max-video-preview:-1\" \/>\n<link rel=\"canonical\" href=\"https:\/\/www.aidarc.com\/en\/legals-mentions\/\" \/>\n<meta property=\"og:locale\" content=\"en_US\" \/>\n<meta property=\"og:type\" content=\"article\" \/>\n<meta property=\"og:title\" content=\"Legals Mentions - AidArc\" \/>\n<meta property=\"og:description\" content=\"[vc_row][vc_column][vc_column_text] Owners and Editor Aid&#8217;ARC Isabelle Gaudin 21, rue l&#8217;Esteleta 11570 PALAJA Conception\u00a0: R\u00e9sonance communication SARL 5 place Davilla 11000 Carcassonne T\u00e9l. : 04 68 76 00 31 H\u00e9bergeur : OVH SARL 140, quai du Sartel 59100 ROUBAIX T\u00e9l. : 08 99 70 17 61 Fax : 03 20 20 09 58 Credits Photos :\u00a0Aid&#8217;ARC&hellip;\" \/>\n<meta property=\"og:url\" content=\"https:\/\/www.aidarc.com\/en\/legals-mentions\/\" \/>\n<meta property=\"og:site_name\" content=\"AidArc\" \/>\n<meta property=\"article:publisher\" content=\"https:\/\/www.facebook.com\/AidARC-1676185302643403\/\" \/>\n<meta property=\"article:modified_time\" content=\"2016-03-16T10:04:59+00:00\" \/>\n<meta property=\"og:image\" content=\"https:\/\/www.aidarc.com\/wp-content\/uploads\/2016\/03\/Logo_AidARC.jpg\" \/>\n\t<meta property=\"og:image:width\" content=\"300\" \/>\n\t<meta property=\"og:image:height\" content=\"98\" \/>\n\t<meta property=\"og:image:type\" content=\"image\/jpeg\" \/>\n<meta name=\"twitter:card\" content=\"summary_large_image\" \/>\n<meta name=\"twitter:label1\" content=\"Est. reading time\" \/>\n\t<meta name=\"twitter:data1\" content=\"1 minute\" \/>\n<script type=\"application\/ld+json\" class=\"yoast-schema-graph\">{\"@context\":\"https:\/\/schema.org\",\"@graph\":[{\"@type\":\"WebPage\",\"@id\":\"https:\/\/www.aidarc.com\/en\/legals-mentions\/\",\"url\":\"https:\/\/www.aidarc.com\/en\/legals-mentions\/\",\"name\":\"Legals Mentions - AidArc\",\"isPartOf\":{\"@id\":\"https:\/\/www.aidarc.com\/#website\"},\"datePublished\":\"2016-03-16T08:19:27+00:00\",\"dateModified\":\"2016-03-16T10:04:59+00:00\",\"breadcrumb\":{\"@id\":\"https:\/\/www.aidarc.com\/en\/legals-mentions\/#breadcrumb\"},\"inLanguage\":\"en-US\",\"potentialAction\":[{\"@type\":\"ReadAction\",\"target\":[\"https:\/\/www.aidarc.com\/en\/legals-mentions\/\"]}]},{\"@type\":\"BreadcrumbList\",\"@id\":\"https:\/\/www.aidarc.com\/en\/legals-mentions\/#breadcrumb\",\"itemListElement\":[{\"@type\":\"ListItem\",\"position\":1,\"name\":\"Accueil\",\"item\":\"https:\/\/www.aidarc.com\/en\/\"},{\"@type\":\"ListItem\",\"position\":2,\"name\":\"Legals Mentions\"}]},{\"@type\":\"WebSite\",\"@id\":\"https:\/\/www.aidarc.com\/#website\",\"url\":\"https:\/\/www.aidarc.com\/\",\"name\":\"AidArc\",\"description\":\"Recherche Clinique biom\u00e9dicale\",\"potentialAction\":[{\"@type\":\"SearchAction\",\"target\":{\"@type\":\"EntryPoint\",\"urlTemplate\":\"https:\/\/www.aidarc.com\/?s={search_term_string}\"},\"query-input\":{\"@type\":\"PropertyValueSpecification\",\"valueRequired\":true,\"valueName\":\"search_term_string\"}}],\"inLanguage\":\"en-US\"}]}<\/script>\n<!-- \/ Yoast SEO plugin. -->","yoast_head_json":{"title":"Legals Mentions - AidArc","robots":{"index":"index","follow":"follow","max-snippet":"max-snippet:-1","max-image-preview":"max-image-preview:large","max-video-preview":"max-video-preview:-1"},"canonical":"https:\/\/www.aidarc.com\/en\/legals-mentions\/","og_locale":"en_US","og_type":"article","og_title":"Legals Mentions - AidArc","og_description":"[vc_row][vc_column][vc_column_text] Owners and Editor Aid&#8217;ARC Isabelle Gaudin 21, rue l&#8217;Esteleta 11570 PALAJA Conception\u00a0: R\u00e9sonance communication SARL 5 place Davilla 11000 Carcassonne T\u00e9l. : 04 68 76 00 31 H\u00e9bergeur : OVH SARL 140, quai du Sartel 59100 ROUBAIX T\u00e9l. : 08 99 70 17 61 Fax : 03 20 20 09 58 Credits Photos :\u00a0Aid&#8217;ARC&hellip;","og_url":"https:\/\/www.aidarc.com\/en\/legals-mentions\/","og_site_name":"AidArc","article_publisher":"https:\/\/www.facebook.com\/AidARC-1676185302643403\/","article_modified_time":"2016-03-16T10:04:59+00:00","og_image":[{"width":300,"height":98,"url":"https:\/\/www.aidarc.com\/wp-content\/uploads\/2016\/03\/Logo_AidARC.jpg","type":"image\/jpeg"}],"twitter_card":"summary_large_image","twitter_misc":{"Est. reading time":"1 minute"},"schema":{"@context":"https:\/\/schema.org","@graph":[{"@type":"WebPage","@id":"https:\/\/www.aidarc.com\/en\/legals-mentions\/","url":"https:\/\/www.aidarc.com\/en\/legals-mentions\/","name":"Legals Mentions - AidArc","isPartOf":{"@id":"https:\/\/www.aidarc.com\/#website"},"datePublished":"2016-03-16T08:19:27+00:00","dateModified":"2016-03-16T10:04:59+00:00","breadcrumb":{"@id":"https:\/\/www.aidarc.com\/en\/legals-mentions\/#breadcrumb"},"inLanguage":"en-US","potentialAction":[{"@type":"ReadAction","target":["https:\/\/www.aidarc.com\/en\/legals-mentions\/"]}]},{"@type":"BreadcrumbList","@id":"https:\/\/www.aidarc.com\/en\/legals-mentions\/#breadcrumb","itemListElement":[{"@type":"ListItem","position":1,"name":"Accueil","item":"https:\/\/www.aidarc.com\/en\/"},{"@type":"ListItem","position":2,"name":"Legals Mentions"}]},{"@type":"WebSite","@id":"https:\/\/www.aidarc.com\/#website","url":"https:\/\/www.aidarc.com\/","name":"AidArc","description":"Recherche Clinique biom\u00e9dicale","potentialAction":[{"@type":"SearchAction","target":{"@type":"EntryPoint","urlTemplate":"https:\/\/www.aidarc.com\/?s={search_term_string}"},"query-input":{"@type":"PropertyValueSpecification","valueRequired":true,"valueName":"search_term_string"}}],"inLanguage":"en-US"}]}},"_links":{"self":[{"href":"https:\/\/www.aidarc.com\/en\/wp-json\/wp\/v2\/pages\/81","targetHints":{"allow":["GET"]}}],"collection":[{"href":"https:\/\/www.aidarc.com\/en\/wp-json\/wp\/v2\/pages"}],"about":[{"href":"https:\/\/www.aidarc.com\/en\/wp-json\/wp\/v2\/types\/page"}],"author":[{"embeddable":true,"href":"https:\/\/www.aidarc.com\/en\/wp-json\/wp\/v2\/users\/1"}],"replies":[{"embeddable":true,"href":"https:\/\/www.aidarc.com\/en\/wp-json\/wp\/v2\/comments?post=81"}],"version-history":[{"count":5,"href":"https:\/\/www.aidarc.com\/en\/wp-json\/wp\/v2\/pages\/81\/revisions"}],"predecessor-version":[{"id":105,"href":"https:\/\/www.aidarc.com\/en\/wp-json\/wp\/v2\/pages\/81\/revisions\/105"}],"wp:attachment":[{"href":"https:\/\/www.aidarc.com\/en\/wp-json\/wp\/v2\/media?parent=81"}],"curies":[{"name":"wp","href":"https:\/\/api.w.org\/{rel}","templated":true}]}}